{"id":1111,"date":"2021-02-11T09:25:27","date_gmt":"2021-02-11T09:25:27","guid":{"rendered":"https:\/\/kalli.is\/register\/"},"modified":"2025-04-13T21:22:55","modified_gmt":"2025-04-13T19:22:55","slug":"nyskraning","status":"publish","type":"page","link":"https:\/\/kalli.is\/?page_id=1111","title":{"rendered":"N\u00fdskr\u00e1ning og \u00e1skriftir"},"content":{"rendered":"<div>\n<p>Ath! \u00cdslenskir stafir ganga ekki \u00ed notandanafni.<\/p>\n<\/div>\n\n\n<form id=\"pms_register-form\" class=\"pms-form  pms-form-design-wrapper pms-default\" method=\"POST\">\n\n    \n    <input type=\"hidden\" id=\"pmstkn\" name=\"pmstkn\" value=\"5f551ed926\" \/><input type=\"hidden\" name=\"_wp_http_referer\" value=\"\/index.php?rest_route=%2Fwp%2Fv2%2Fpages%2F1111\" \/>\n    <ul class=\"pms-form-fields-wrapper\">\n\n        \n        \n        <div class=\"pms-account-section-wrapper\">\n            \n                        <li class=\"pms-field pms-user-login-field \">\n                <label for=\"pms_user_login\">Notandanafn *<\/label>\n                <input id=\"pms_user_login\" name=\"user_login\" type=\"text\" value=\"\" \/>\n\n                            <\/li>\n\n                        <li class=\"pms-field pms-user-email-field \">\n                <label for=\"pms_user_email\">Netfang *<\/label>\n                <input id=\"pms_user_email\" name=\"user_email\" type=\"text\" value=\"\" \/>\n\n                            <\/li>\n\n                        <li class=\"pms-field pms-first-name-field \">\n                <label for=\"pms_first_name\">Fornafn<\/label>\n                <input id=\"pms_first_name\" name=\"first_name\" type=\"text\" value=\"\" \/>\n\n                            <\/li>\n\n                        <li class=\"pms-field pms-last-name-field \">\n                <label for=\"pms_last_name\">Eftirnafn<\/label>\n                <input id=\"pms_last_name\" name=\"last_name\" type=\"text\" value=\"\" \/>\n\n                            <\/li>\n\n                        <li class=\"pms-field pms-pass1-field \">\n                <label for=\"pms_pass1\">Lykilor\u00f0 *<\/label>\n                <input id=\"pms_pass1\" name=\"pass1\" type=\"password\" \/>\n\n                \n                            <\/li>\n\n                        <li class=\"pms-field pms-pass2-field \">\n                <label for=\"pms_pass2\">Endurtaka lykilor\u00f0 *<\/label>\n                <input id=\"pms_pass2\" name=\"pass2\" type=\"password\" \/>\n\n                            <\/li>\n\n                    <\/div>\n\n        \n        <li class=\"pms-field pms-field-subscriptions \"><h3 class=\"pms-subscriptions-list-title\">Veldu \u00e1skriftar\u00e1\u00e6tlun \u00fe\u00edna<\/h3><div class=\"pms-subscription-plan pms-subscription-plan-5489\"><label><input type=\"radio\" name=\"subscription_plans\" data-price=\"60\" data-duration=\"0\" data-fixed_membership=\"\" data-allow_renew=\"\" data-sign_up_fee=\"0\" data-trial=\"0\" data-recurring=\"0\" data-has_invite_code=\"no\"  value=\"5489\"  checked='checked'data-default-selected=\"true\" \/><span class=\"pms-subscription-plan-name\">\u00c1skrift - l\u00edfst\u00ed\u00f0<\/span><span class=\"pms-subscription-plan-price\"><span class=\"pms-divider\"> - <\/span><span class=\"pms-subscription-plan-currency\">&#8364;<\/span><span class=\"pms-subscription-plan-price-value\">60<\/span><\/span><span class=\"pms-subscription-plan-trial\"><\/span><span class=\"pms-subscription-plan-sign-up-fee\"><\/span><\/label><div class=\"pms-subscription-plan-description\">\u00deeessi \u00e1skrift veitir a\u00f0gang a\u00f0 \u00f6llum vefnum fyrir l\u00edfst\u00ed\u00f0 vefsins.<\/div><\/div><div class=\"pms-subscription-plan pms-subscription-plan-5486\"><label><input type=\"radio\" name=\"subscription_plans\" data-price=\"36\" data-duration=\"3\" data-fixed_membership=\"\" data-allow_renew=\"\" data-sign_up_fee=\"0\" data-trial=\"0\" data-recurring=\"0\" data-has_invite_code=\"no\"  value=\"5486\" data-default-checked=\"false\" \/><span class=\"pms-subscription-plan-name\">\u00c1skrift - 3 \u00e1r<\/span><span class=\"pms-subscription-plan-price\"><span class=\"pms-divider\"> - <\/span><span class=\"pms-subscription-plan-currency\">&#8364;<\/span><span class=\"pms-subscription-plan-price-value\">36<\/span><span class=\"pms-divider pms-duration-divider\"> \/ <\/span><span class=\"pms-subscription-plan-duration\">3 \u00e1r<\/span><\/span><span class=\"pms-subscription-plan-trial\"><\/span><span class=\"pms-subscription-plan-sign-up-fee\"><\/span><\/label><div class=\"pms-subscription-plan-description\">\u00deeessi \u00e1skrift veitir a\u00f0gang a\u00f0 \u00f6llum vefnum \u00ed \u00ferj\u00fa \u00e1r.<\/div><\/div><div class=\"pms-subscription-plan pms-subscription-plan-1115\"><label><input type=\"radio\" name=\"subscription_plans\" data-price=\"12\" data-duration=\"1\" data-fixed_membership=\"\" data-allow_renew=\"\" data-sign_up_fee=\"0\" data-trial=\"0\" data-recurring=\"0\" data-has_invite_code=\"no\"  value=\"1115\" data-default-checked=\"false\" \/><span class=\"pms-subscription-plan-name\">\u00c1skrift - 1 \u00e1r<\/span><span class=\"pms-subscription-plan-price\"><span class=\"pms-divider\"> - <\/span><span class=\"pms-subscription-plan-currency\">&#8364;<\/span><span class=\"pms-subscription-plan-price-value\">12<\/span><span class=\"pms-divider pms-duration-divider\"> \/ <\/span><span class=\"pms-subscription-plan-duration\">1 \u00e1r<\/span><\/span><span class=\"pms-subscription-plan-trial\"><\/span><span class=\"pms-subscription-plan-sign-up-fee\"><\/span><\/label><div class=\"pms-subscription-plan-description\">\u00deessi \u00e1skrift veitir a\u00f0gang a\u00f0 \u00f6llum vefnum \u00ed eitt \u00e1r.<\/div><\/div><input type=\"hidden\" name=\"pms_default_recurring\" value=\"3\" \/>        <div class=\"pms-field pms-invite-code-name-field pms-invite-code-field \">\n            <label for=\"invite_code\">Settu inn bo\u00f0sk\u00f3\u00f0a *<\/label>\n            <input id=\"pms_invite_code\" name=\"invite_code\" type=\"text\" value=\"\" \/>\n            <div class=\"pms-invite-code-description\">Bo\u00f0sk\u00f3\u00f0i er nau\u00f0synlegur til a\u00f0 kaupa \u00feessa \u00e1\u00e6tlun.<\/div>\n                    <\/div>\n<\/li>\n    <\/ul>\n\n    <span id=\"pms-submit-button-loading-placeholder-text\" style=\"display: none;\">Vinnsla. Vinsamlegast b\u00ed\u00f0i\u00f0...<\/span><div class=\"pms-paygates-holder\"><div id=\"pms-paygates-wrapper\"><h3>Veldu grei\u00f0slum\u00e1ta<\/h3><div id=\"pms-paygates-inner\"><label><input type=\"radio\" class=\"pms_pay_gate\" name=\"pay_gate\" value=\"manual\" data-sign_up_fee=\"1\" data-trial=\"1\" data-recurring=\"1\"  \/><span class=\"pms-paygate-name\">Handvirkt \/ \u00d3tengdur<\/span><\/label><label><input type=\"radio\" class=\"pms_pay_gate\" name=\"pay_gate\" value=\"paypal_connect\"  checked='checked'data-sign_up_fee=\"1\" data-trial=\"1\" data-recurring=\"1\"  data-type=\"extra_fields\" \/><span class=\"pms-paygate-name\">PayPal<\/span><\/label><\/div><div id=\"pms-gateways-not-available\"><span>Engar grei\u00f0slum\u00e1tar eru \u00ed bo\u00f0i fyrir valda \u00e1skriftar\u00e1\u00e6tlun.<\/span><\/div><\/div><ul id=\"pms-paypal-connect\" class=\"pms-field-section pms-paygate-extra-fields pms-paygate-extra-fields-paypal_connect\"><div class=\"pms-spinner__holder\"><div class=\"pms-spinner\"><\/div><\/div><div id=\"pms-paygate-extra-fields-paypal_connect__placeholder\"><\/div><\/ul><\/div><input type=\"hidden\" id=\"pms-process-checkout-nonce\" name=\"pms_process_checkout_nonce\" value=\"a6c9b3ee33\"\/>\n            <input class=\"pms-form-submit\" name=\"pms_register\" type=\"submit\" value=\"Skr\u00e1ning\" \/>\n    \n<\/form>\n\n\n\n\n<p><a href=\"https:\/\/kalli.is\/?page_id=1461\">Grei\u00f0sluvalkostir \u00e1skriftar<\/a><\/p>\n","protected":false},"excerpt":{"rendered":"<p>Ath! \u00cdslenskir stafir ganga ekki \u00ed notandanafni. Grei\u00f0sluvalkostir \u00e1skriftar<\/p>\n","protected":false},"author":1,"featured_media":0,"parent":0,"menu_order":0,"comment_status":"closed","ping_status":"closed","template":"","meta":{"_acf_changed":false,"_editorskit_title_hidden":false,"_editorskit_reading_time":0,"_editorskit_is_block_options_detached":false,"_editorskit_block_options_position":"{}","_kad_blocks_custom_css":"","_kad_blocks_head_custom_js":"","_kad_blocks_body_custom_js":"","_kad_blocks_footer_custom_js":"","footnotes":""},"class_list":["post-1111","page","type-page","status-publish","hentry"],"acf":[],"taxonomy_info":[],"featured_image_src_large":false,"author_info":{"display_name":"Karl Gu\u00f0mundsson","author_link":"https:\/\/kalli.is\/?author=1"},"comment_info":"","_links":{"self":[{"href":"https:\/\/kalli.is\/index.php?rest_route=\/wp\/v2\/pages\/1111","targetHints":{"allow":["GET"]}}],"collection":[{"href":"https:\/\/kalli.is\/index.php?rest_route=\/wp\/v2\/pages"}],"about":[{"href":"https:\/\/kalli.is\/index.php?rest_route=\/wp\/v2\/types\/page"}],"author":[{"embeddable":true,"href":"https:\/\/kalli.is\/index.php?rest_route=\/wp\/v2\/users\/1"}],"replies":[{"embeddable":true,"href":"https:\/\/kalli.is\/index.php?rest_route=%2Fwp%2Fv2%2Fcomments&post=1111"}],"version-history":[{"count":0,"href":"https:\/\/kalli.is\/index.php?rest_route=\/wp\/v2\/pages\/1111\/revisions"}],"wp:attachment":[{"href":"https:\/\/kalli.is\/index.php?rest_route=%2Fwp%2Fv2%2Fmedia&parent=1111"}],"curies":[{"name":"wp","href":"https:\/\/api.w.org\/{rel}","templated":true}]}}