{"id":1114,"date":"2021-02-11T09:25:27","date_gmt":"2021-02-11T09:25:27","guid":{"rendered":"https:\/\/kalli.is\/password-reset\/"},"modified":"2021-02-11T19:58:59","modified_gmt":"2021-02-11T19:58:59","slug":"password-reset","status":"publish","type":"page","link":"https:\/\/kalli.is\/?page_id=1114","title":{"rendered":"Endursetja lykilor\u00f0"},"content":{"rendered":"\n<form id=\"pms_recover_password_form\" class=\"pms-form  pms-form-design-wrapper pms-default\"  method=\"post\" action=\"\">\n\n    <input type=\"hidden\" id=\"pmstkn\" name=\"pmstkn\" value=\"99309576da\" \/><input type=\"hidden\" name=\"_wp_http_referer\" value=\"\/index.php?rest_route=%2Fwp%2Fv2%2Fpages%2F1114\" \/>\n    <p>Vinsamlegast sl\u00e1\u00f0u inn notandanafn e\u00f0a netfang.<br \/>\u00de\u00fa munt f\u00e1 sendan tengil til a\u00f0 b\u00faa til n\u00fdtt lykilor\u00f0 \u00ed t\u00f6lvup\u00f3sti.<\/p>\n    <ul class=\"pms-form-fields-wrapper\">\n\n        \n                <li class=\"pms-field \">\n            <label for=\"pms_username_email\">Notandanafn e\u00f0a netfang<\/label>\n            <input id=\"pms_username_email\" name=\"pms_username_email\" type=\"text\" value=\"\" \/>\n\n                    <\/li>\n\n        \n    <\/ul>\n\n    \n    <input type=\"submit\" name=\"wp-submit\" value=\"Endurstilla lykilor\u00f0\"\/>\n\n<\/form>\n\n\n\n\n","protected":false},"excerpt":{"rendered":"","protected":false},"author":1,"featured_media":0,"parent":0,"menu_order":0,"comment_status":"closed","ping_status":"closed","template":"","meta":{"_acf_changed":false,"_editorskit_title_hidden":false,"_editorskit_reading_time":0,"_editorskit_is_block_options_detached":false,"_editorskit_block_options_position":"{}","_kad_blocks_custom_css":"","_kad_blocks_head_custom_js":"","_kad_blocks_body_custom_js":"","_kad_blocks_footer_custom_js":"","footnotes":""},"class_list":["post-1114","page","type-page","status-publish","hentry"],"acf":[],"taxonomy_info":[],"featured_image_src_large":false,"author_info":{"display_name":"Karl Gu\u00f0mundsson","author_link":"https:\/\/kalli.is\/?author=1"},"comment_info":"","_links":{"self":[{"href":"https:\/\/kalli.is\/index.php?rest_route=\/wp\/v2\/pages\/1114","targetHints":{"allow":["GET"]}}],"collection":[{"href":"https:\/\/kalli.is\/index.php?rest_route=\/wp\/v2\/pages"}],"about":[{"href":"https:\/\/kalli.is\/index.php?rest_route=\/wp\/v2\/types\/page"}],"author":[{"embeddable":true,"href":"https:\/\/kalli.is\/index.php?rest_route=\/wp\/v2\/users\/1"}],"replies":[{"embeddable":true,"href":"https:\/\/kalli.is\/index.php?rest_route=%2Fwp%2Fv2%2Fcomments&post=1114"}],"version-history":[{"count":0,"href":"https:\/\/kalli.is\/index.php?rest_route=\/wp\/v2\/pages\/1114\/revisions"}],"wp:attachment":[{"href":"https:\/\/kalli.is\/index.php?rest_route=%2Fwp%2Fv2%2Fmedia&parent=1114"}],"curies":[{"name":"wp","href":"https:\/\/api.w.org\/{rel}","templated":true}]}}