{"id":1208,"date":"2021-02-11T23:31:41","date_gmt":"2021-02-11T23:31:41","guid":{"rendered":"https:\/\/kalli.is\/?page_id=1208"},"modified":"2025-07-12T17:39:02","modified_gmt":"2025-07-12T15:39:02","slug":"innskraning","status":"publish","type":"page","link":"https:\/\/kalli.is\/?page_id=1208","title":{"rendered":"Innskr\u00e1ning"},"content":{"rendered":"<style>.kadence-column1208_d699a2-27 > .kt-inside-inner-col,.kadence-column1208_d699a2-27 > .kt-inside-inner-col:before{border-top-left-radius:0px;border-top-right-radius:0px;border-bottom-right-radius:0px;border-bottom-left-radius:0px;}.kadence-column1208_d699a2-27 > .kt-inside-inner-col{column-gap:var(--global-kb-gap-sm, 1rem);}.kadence-column1208_d699a2-27 > .kt-inside-inner-col{flex-direction:column;}.kadence-column1208_d699a2-27 > .kt-inside-inner-col > .aligncenter{width:100%;}.kadence-column1208_d699a2-27 > .kt-inside-inner-col:before{opacity:0.3;}.kadence-column1208_d699a2-27{position:relative;}@media all and (max-width: 1024px){.kadence-column1208_d699a2-27 > .kt-inside-inner-col{flex-direction:column;justify-content:center;}}@media all and (max-width: 767px){.kadence-column1208_d699a2-27 > .kt-inside-inner-col{flex-direction:column;justify-content:center;}}<\/style>\n<div class=\"wp-block-kadence-column kadence-column1208_d699a2-27\"><div class=\"kt-inside-inner-col\"><div><p>            <form name=\"pms_login\" id=\"pms_login\" class=\"pms-form  pms-form-design-wrapper pms-default\" action=\"\" method=\"post\">\n                \n                <p class=\"login-username\">\n                    <label for=\"user_login\">Notandanafn e\u00f0a netfang<\/label>\n                    <input type=\"text\" name=\"log\" id=\"user_login\" class=\"input\" value=\"\" size=\"20\" \/>\n                <\/p>\n\n                <p class=\"login-password\">\n                    <label for=\"user_pass\">Lykilor\u00f0<\/label>\n                    <input type=\"password\" name=\"pwd\" id=\"user_pass\" class=\"input\" value=\"\" size=\"20\" \/>\n                <\/p>\n\n                \n                                    <p class=\"login-remember\">\n                        <input name=\"rememberme\" type=\"checkbox\" id=\"rememberme\" value=\"forever\"  \/>\n\n                        <label for=\"rememberme\">\n                            Mundu mig                        <\/label>\n                    <\/p>\n                \n                <p class=\"login-submit\">\n                    <input type=\"submit\" name=\"wp-submit\" id=\"wp-submit\" class=\"button button-primary\" value=\"Innskr\u00e1ning\" \/>\n                    <input type=\"hidden\" name=\"redirect_to\" value=\"https:\/\/kalli.is\/index.php?rest_route=%2Fwp%2Fv2%2Fpages%2F1208\" \/>\n                    <input type=\"hidden\" name=\"pms_login_nonce\" value=\"b8a76f83e0\" \/>\n                <\/p>\n\n                <p class=\"login-extra\">\n                    <input type=\"hidden\" name=\"pms_login\" value=\"1\" \/><input type=\"hidden\" name=\"pms_redirect\" value=\"https:\/\/kalli.is\/index.php?rest_route=%2Fwp%2Fv2%2Fpages%2F1208\" \/><a class=\"register\" href=\"https:\/\/kalli.is\/?page_id=1111\">Skr\u00e1ning<\/a><span class=\"separator\">|<\/span><a class=\"lostpassword\" href=\"https:\/\/kalli.is\/?page_id=1114\">Gleymdir\u00f0u lykilor\u00f0inu \u00fe\u00ednu?<\/a>                <\/p>\n            <\/form>\n        <\/p>\n<\/div>\n\n\n<p>Sko\u00f0a <a href=\"https:\/\/kalli.is\/?page_id=1113\" data-type=\"link\" data-id=\"https:\/\/kalli.is\/?page_id=1113\">reikninginn minn<\/a>, m.a. \u00e1skrift, pr\u00f3f\u00edl og grei\u00f0slur.<\/p>\n<\/div><\/div>\n","protected":false},"excerpt":{"rendered":"<p>Sko\u00f0a reikninginn minn, m.a. \u00e1skrift, pr\u00f3f\u00edl og grei\u00f0slur.<\/p>\n","protected":false},"author":1,"featured_media":0,"parent":0,"menu_order":0,"comment_status":"closed","ping_status":"closed","template":"","meta":{"_acf_changed":false,"_editorskit_title_hidden":false,"_editorskit_reading_time":1,"_editorskit_is_block_options_detached":false,"_editorskit_block_options_position":"{}","_kad_blocks_custom_css":"","_kad_blocks_head_custom_js":"","_kad_blocks_body_custom_js":"","_kad_blocks_footer_custom_js":"","footnotes":""},"class_list":["post-1208","page","type-page","status-publish","hentry"],"acf":[],"taxonomy_info":[],"featured_image_src_large":false,"author_info":{"display_name":"Karl Gu\u00f0mundsson","author_link":"https:\/\/kalli.is\/?author=1"},"comment_info":"","_links":{"self":[{"href":"https:\/\/kalli.is\/index.php?rest_route=\/wp\/v2\/pages\/1208","targetHints":{"allow":["GET"]}}],"collection":[{"href":"https:\/\/kalli.is\/index.php?rest_route=\/wp\/v2\/pages"}],"about":[{"href":"https:\/\/kalli.is\/index.php?rest_route=\/wp\/v2\/types\/page"}],"author":[{"embeddable":true,"href":"https:\/\/kalli.is\/index.php?rest_route=\/wp\/v2\/users\/1"}],"replies":[{"embeddable":true,"href":"https:\/\/kalli.is\/index.php?rest_route=%2Fwp%2Fv2%2Fcomments&post=1208"}],"version-history":[{"count":0,"href":"https:\/\/kalli.is\/index.php?rest_route=\/wp\/v2\/pages\/1208\/revisions"}],"wp:attachment":[{"href":"https:\/\/kalli.is\/index.php?rest_route=%2Fwp%2Fv2%2Fmedia&parent=1208"}],"curies":[{"name":"wp","href":"https:\/\/api.w.org\/{rel}","templated":true}]}}