{"id":1550,"date":"2021-03-14T10:45:08","date_gmt":"2021-03-14T09:45:08","guid":{"rendered":"https:\/\/kalli.is\/?page_id=1550"},"modified":"2024-08-07T17:31:32","modified_gmt":"2024-08-07T15:31:32","slug":"hafdu-samband","status":"publish","type":"page","link":"https:\/\/kalli.is\/?page_id=1550","title":{"rendered":"Haf\u00f0u samband"},"content":{"rendered":"<p>Kalli \u00e1 Sp\u00e1ni er ellil\u00edfeyris\u00feegi sem b\u00fdr \u00ed Torrevieja og heldur \u00fati \u00e1ksriftarvefnum kalli.is \u00fear sem hann birtir \u00fdmislegt sem g\u00e6ti gagnast \u00cdslendingum \u00e1 Sp\u00e1ni.<\/p>\n<p>Au\u00f0velt er a\u00f0 hafa samband vi\u00f0 hann \u00e1 eftirfarandi hlekkjum:<\/p>\n<h4>Netfang:<\/h4>\n<p><a href=\"mailto:ka***@***li.is\" data-original-string=\"ppe1maTqK3nkmF1IjzH31Q==d82pVjGRduG4KqDi914zTy4gQ==\" title=\"This contact has been encoded by Anti-Spam by CleanTalk. Click to decode. To finish the decoding make sure that JavaScript is enabled in your browser.\"><span \n                data-original-string='lDQpx8G0JodjYBAtidvr7g==d827eR9hEeF4pklUhIkL3LUmQ=='\n                class='apbct-email-encoder'\n                title='This contact has been encoded by Anti-Spam by CleanTalk. Click to decode. To finish the decoding make sure that JavaScript is enabled in your browser.'>ka<span class=\"apbct-blur\">***<\/span>@<span class=\"apbct-blur\">***<\/span>li.is<\/span><\/a><\/p>\n<h4>S\u00edmi:<\/h4>\n<p><a href=\"tel:003547774544\">+354 777 4544<\/a><\/p>\n<h4>Facebook:<\/h4>\n<p><a href=\"https:\/\/www.facebook.com\/kalli\" target=\"_blank\" rel=\"noopener noreferrer nofollow\">https:\/\/www.facebook.com\/kalli<\/a><\/p>\n<h4>Facebook Messenger:<\/h4>\n<p><a href=\"https:\/\/m.me\/kalli\" target=\"_blank\" rel=\"noopener noreferrer nofollow\">https:\/\/m.me\/kalli<\/a><\/p>\n<h4>WhatsApp:<\/h4>\n<p><a href=\"https:\/\/wa.me\/3547774544\" target=\"_blank\" rel=\"noopener noreferrer nofollow\">https:\/\/wa.me\/3547774544<\/a><\/p>\n","protected":false},"excerpt":{"rendered":"<p>Kalli \u00e1 Sp\u00e1ni er ellil\u00edfeyris\u00feegi sem b\u00fdr \u00ed Torrevieja og heldur \u00fati \u00e1ksriftarvefnum kalli.is \u00fear sem hann birtir \u00fdmislegt sem g\u00e6ti gagnast \u00cdslendingum \u00e1 Sp\u00e1ni. Au\u00f0velt er a\u00f0 hafa samband vi\u00f0 hann \u00e1 eftirfarandi hlekkjum: Netfang: ka***@***li.is S\u00edmi: +354 777 4544 Facebook: https:\/\/www.facebook.com\/kalli Facebook Messenger: https:\/\/m.me\/kalli WhatsApp: https:\/\/wa.me\/3547774544<\/p>\n","protected":false},"author":88,"featured_media":0,"parent":0,"menu_order":0,"comment_status":"closed","ping_status":"closed","template":"template-contact.php","meta":{"_acf_changed":false,"_editorskit_title_hidden":false,"_editorskit_reading_time":0,"_editorskit_is_block_options_detached":false,"_editorskit_block_options_position":"{}","_kad_blocks_custom_css":"","_kad_blocks_head_custom_js":"","_kad_blocks_body_custom_js":"","_kad_blocks_footer_custom_js":"","footnotes":""},"class_list":["post-1550","page","type-page","status-publish","hentry"],"acf":[],"taxonomy_info":[],"featured_image_src_large":false,"author_info":{"display_name":"Karl Gu\u00f0mundsson","author_link":"https:\/\/kalli.is\/?author=88"},"comment_info":"","_links":{"self":[{"href":"https:\/\/kalli.is\/index.php?rest_route=\/wp\/v2\/pages\/1550","targetHints":{"allow":["GET"]}}],"collection":[{"href":"https:\/\/kalli.is\/index.php?rest_route=\/wp\/v2\/pages"}],"about":[{"href":"https:\/\/kalli.is\/index.php?rest_route=\/wp\/v2\/types\/page"}],"author":[{"embeddable":true,"href":"https:\/\/kalli.is\/index.php?rest_route=\/wp\/v2\/users\/88"}],"replies":[{"embeddable":true,"href":"https:\/\/kalli.is\/index.php?rest_route=%2Fwp%2Fv2%2Fcomments&post=1550"}],"version-history":[{"count":0,"href":"https:\/\/kalli.is\/index.php?rest_route=\/wp\/v2\/pages\/1550\/revisions"}],"wp:attachment":[{"href":"https:\/\/kalli.is\/index.php?rest_route=%2Fwp%2Fv2%2Fmedia&parent=1550"}],"curies":[{"name":"wp","href":"https:\/\/api.w.org\/{rel}","templated":true}]}}