{"id":6033,"date":"2022-10-09T15:33:52","date_gmt":"2022-10-09T13:33:52","guid":{"rendered":"https:\/\/kalli.is\/?page_id=6033"},"modified":"2024-07-18T15:44:53","modified_gmt":"2024-07-18T13:44:53","slug":"auglysingarnar","status":"publish","type":"page","link":"https:\/\/kalli.is\/?page_id=6033","title":{"rendered":"Augl\u00fdsingarnar"},"content":{"rendered":"<style>.kt-post-loop6033_ac29f4-25 .kadence-post-image{padding-top:0px;padding-right:0px;padding-bottom:0px;padding-left:0px;}.kt-post-loop6033_ac29f4-25 .kt-post-grid-wrap{gap:30px 30px;}.kt-post-loop6033_ac29f4-25 .kt-blocks-post-grid-item{border-top-left-radius:0px;border-top-right-radius:0px;border-bottom-right-radius:0px;border-bottom-left-radius:0px;border-top:1px solid #eeeeee;border-right:1px solid #eeeeee;border-bottom:1px solid #eeeeee;border-left:1px solid #eeeeee;overflow:hidden;box-shadow:0px 0px 14px 0px rgba(0, 0, 0, 0.2);}.kt-post-loop6033_ac29f4-25 .kt-blocks-post-grid-item .kt-blocks-post-grid-item-inner{padding-top:15px;padding-right:25px;padding-bottom:25px;padding-left:25px;}.kt-post-loop6033_ac29f4-25 .kt-blocks-post-grid-item header{padding-top:0px;padding-right:0px;padding-bottom:10px;padding-left:0px;margin-top:0px;margin-right:0px;margin-bottom:0px;margin-left:0px;}.kt-post-loop6033_ac29f4-25 .kt-blocks-post-grid-item .entry-title{color:#000000;padding-top:10px;padding-right:0px;padding-bottom:5px;padding-left:0px;margin-top:0px;margin-right:0px;margin-bottom:0px;margin-left:0px;font-size:24px;line-height:30px;}.kt-post-loop6033_ac29f4-25 .kt-blocks-post-grid-item .kt-blocks-post-top-meta{color:#777777;}.kt-post-loop6033_ac29f4-25 .kt-blocks-post-grid-item .kt-blocks-post-top-meta a{color:#777777;}.kt-post-loop6033_ac29f4-25 .kt-blocks-post-grid-item .kt-blocks-post-top-meta a:hover{color:#444444;}.kt-post-loop6033_ac29f4-25 .entry-content{padding-top:0px;padding-right:0px;padding-bottom:0px;padding-left:0px;margin-top:0px;margin-right:0px;margin-bottom:0px;margin-left:0px;}.kt-post-loop6033_ac29f4-25 .kt-blocks-post-footer{color:#777777;border-top-width:0px;border-right-width:0px;border-bottom-width:0px;border-left-width:0px;padding-top:0px;padding-right:0px;padding-bottom:0px;padding-left:0px;margin-top:0px;margin-right:0px;margin-bottom:0px;margin-left:0px;font-size:12px;line-height:20px;}.kt-post-loop6033_ac29f4-25 .entry-content:after{height:0px;}.kt-post-loop6033_ac29f4-25 .kt-blocks-post-footer a{color:#777777;}.kt-post-loop6033_ac29f4-25 .kt-blocks-post-footer a:hover{color:#444444;}.kt-post-loop6033_ac29f4-25 .kb-filter-item{border-top-width:0px;border-right-width:0px;border-bottom-width:2px;border-left-width:0px;padding-top:5px;padding-right:8px;padding-bottom:5px;padding-left:8px;margin-top:0px;margin-right:10px;margin-bottom:0px;margin-left:0px;}@media all and (max-width: 1024px){.kt-post-loop6033_ac29f4-25 .kt-blocks-post-grid-item{border-top:1px solid #eeeeee;border-right:1px solid #eeeeee;border-bottom:1px solid #eeeeee;border-left:1px solid #eeeeee;}}@media all and (max-width: 767px){.kt-post-loop6033_ac29f4-25 .kt-blocks-post-grid-item{border-top:1px solid #eeeeee;border-right:1px solid #eeeeee;border-bottom:1px solid #eeeeee;border-left:1px solid #eeeeee;}}<\/style><div class=\"wp-block-kadence-postgrid kt-blocks-post-loop-block alignnone kt-post-loop6033_ac29f4-25 kt-post-grid-layout-grid \"><div class=\"kt-post-grid-layout-grid-wrap kt-post-grid-wrap\" data-columns-xxl=\"3\" data-columns-xl=\"3\" data-columns-md=\"3\" data-columns-sm=\"2\" data-columns-xs=\"1\" data-columns-ss=\"1\"data-item-selector=\".kt-post-masonry-item\" aria-label=\"Post Carousel\"><article class=\"kt-blocks-post-grid-item post-9135 auglysingar type-auglysingar status-publish format-standard has-post-thumbnail hentry category-oflokkad\"><div class=\"kt-blocks-post-grid-item-inner-wrap kt-feat-image-align-top kt-feat-image-mobile-align-top\"><div class=\"kadence-post-image\"><div class=\"kadence-post-image-intrisic kt-image-ratio-66-67\" style=\"padding-bottom:66.67%;\"><div class=\"kadence-post-image-inner-intrisic\"><a aria-hidden=\"true\" tabindex=\"-1\" role=\"presentation\" href=\"https:\/\/kalli.is\/?auglysingar=vidburdadagatal-fhs-2024\" aria-label=\"Vi\u00f0bur\u00f0adagatal FHS 2026\" class=\"kadence-post-image-inner-wrap\"><img decoding=\"async\"   src=\"https:\/\/kalli.is\/wp-content\/uploads\/2024\/08\/Screenshot-2026-02-10-at-18.08.18-1200x812.png\" class=\"attachment-large size-large wp-post-image\" alt=\"\" srcset=\"https:\/\/kalli.is\/wp-content\/uploads\/2024\/08\/Screenshot-2026-02-10-at-18.08.18-1200x812.png 1200w, https:\/\/kalli.is\/wp-content\/uploads\/2024\/08\/Screenshot-2026-02-10-at-18.08.18-300x203.png 300w, https:\/\/kalli.is\/wp-content\/uploads\/2024\/08\/Screenshot-2026-02-10-at-18.08.18-768x520.png 768w, https:\/\/kalli.is\/wp-content\/uploads\/2024\/08\/Screenshot-2026-02-10-at-18.08.18.png 1288w\" sizes=\"(max-width: 1200px) 100vw, 1200px\" \/><\/a><\/div><\/div><\/div><div class=\"kt-blocks-post-grid-item-inner\"><header><h2 class=\"entry-title\"><a href=\"https:\/\/kalli.is\/?auglysingar=vidburdadagatal-fhs-2024\">Vi\u00f0bur\u00f0adagatal FHS 2026<\/a><\/h2><div class=\"kt-blocks-post-top-meta\"><div class=\"kt-blocks-date\"><span class=\"kt-blocks-date-pretext\">Fyrst birt <\/span><time datetime=\"2024-08-21T10:18:23+02:00\" class=\"kt-blocks-post-date\">21. \u00e1g\u00fast, 2024<\/time><\/div><div class=\"kt-blocks-meta-divider kt-blocks-meta-no-divider\"><\/div><\/div><\/header><div class=\"entry-content\">Vi\u00f0bur\u00f0adagatal FHS 2026<\/div><footer class=\"kt-blocks-post-footer\"><div class=\"kt-blocks-post-footer-left\"><\/div><div class=\"kt-blocks-post-footer-right\"><\/div><\/footer><\/div><\/div><\/article><article class=\"kt-blocks-post-grid-item post-6022 auglysingar type-auglysingar status-publish format-standard has-post-thumbnail hentry category-oflokkad\"><div class=\"kt-blocks-post-grid-item-inner-wrap kt-feat-image-align-top kt-feat-image-mobile-align-top\"><div class=\"kadence-post-image\"><div class=\"kadence-post-image-intrisic kt-image-ratio-66-67\" style=\"padding-bottom:66.67%;\"><div class=\"kadence-post-image-inner-intrisic\"><a aria-hidden=\"true\" tabindex=\"-1\" role=\"presentation\" href=\"https:\/\/kalli.is\/?auglysingar=skraning-i-fhs\" aria-label=\"Skr\u00e1ning \u00ed FHS\" class=\"kadence-post-image-inner-wrap\"><img decoding=\"async\"   src=\"https:\/\/kalli.is\/wp-content\/uploads\/2024\/10\/FHS-logo-35-ara-nota-topaz-cgi-2x-1200x818.jpeg\" class=\"attachment-large size-large wp-post-image\" alt=\"\" srcset=\"https:\/\/kalli.is\/wp-content\/uploads\/2024\/10\/FHS-logo-35-ara-nota-topaz-cgi-2x-1200x818.jpeg 1200w, https:\/\/kalli.is\/wp-content\/uploads\/2024\/10\/FHS-logo-35-ara-nota-topaz-cgi-2x-300x205.jpeg 300w, https:\/\/kalli.is\/wp-content\/uploads\/2024\/10\/FHS-logo-35-ara-nota-topaz-cgi-2x-768x524.jpeg 768w, https:\/\/kalli.is\/wp-content\/uploads\/2024\/10\/FHS-logo-35-ara-nota-topaz-cgi-2x-474x324.jpeg 474w, https:\/\/kalli.is\/wp-content\/uploads\/2024\/10\/FHS-logo-35-ara-nota-topaz-cgi-2x-1536x1047.jpeg 1536w, https:\/\/kalli.is\/wp-content\/uploads\/2024\/10\/FHS-logo-35-ara-nota-topaz-cgi-2x.jpeg 1920w\" sizes=\"(max-width: 1200px) 100vw, 1200px\" \/><\/a><\/div><\/div><\/div><div class=\"kt-blocks-post-grid-item-inner\"><header><h2 class=\"entry-title\"><a href=\"https:\/\/kalli.is\/?auglysingar=skraning-i-fhs\">Skr\u00e1ning \u00ed FHS<\/a><\/h2><div class=\"kt-blocks-post-top-meta\"><div class=\"kt-blocks-date\"><span class=\"kt-blocks-date-pretext\">Fyrst birt <\/span><time datetime=\"2024-06-28T14:14:13+02:00\" class=\"kt-blocks-post-date\">28. j\u00fan\u00ed, 2024<\/time><\/div><div class=\"kt-blocks-meta-divider kt-blocks-meta-no-divider\"><\/div><\/div><\/header><div class=\"entry-content\">Ekki bara fyrir fasteignaeigendur \u00e1 Sp\u00e1ni. Allir velkomnir \u00ed f\u00e9lagi\u00f0.\u00a0<\/div><footer class=\"kt-blocks-post-footer\"><div class=\"kt-blocks-post-footer-left\"><\/div><div class=\"kt-blocks-post-footer-right\"><\/div><\/footer><\/div><\/div><\/article><article class=\"kt-blocks-post-grid-item post-6049 auglysingar type-auglysingar status-publish format-standard has-post-thumbnail hentry category-oflokkad\"><div class=\"kt-blocks-post-grid-item-inner-wrap kt-feat-image-align-top kt-feat-image-mobile-align-top\"><div class=\"kadence-post-image\"><div class=\"kadence-post-image-intrisic kt-image-ratio-66-67\" style=\"padding-bottom:66.67%;\"><div class=\"kadence-post-image-inner-intrisic\"><a aria-hidden=\"true\" tabindex=\"-1\" role=\"presentation\" href=\"https:\/\/kalli.is\/?auglysingar=viltu-flytja-til-spanar\" aria-label=\"Viltu flytja til Sp\u00e1nar?\" class=\"kadence-post-image-inner-wrap\"><img decoding=\"async\"   src=\"https:\/\/kalli.is\/wp-content\/uploads\/2022\/10\/kaupa-askrift-breytt-1024x768.webp\" class=\"attachment-large size-large wp-post-image\" alt=\"\" srcset=\"https:\/\/kalli.is\/wp-content\/uploads\/2022\/10\/kaupa-askrift-breytt-1024x768.webp 1024w, https:\/\/kalli.is\/wp-content\/uploads\/2022\/10\/kaupa-askrift-breytt-300x225.webp 300w, https:\/\/kalli.is\/wp-content\/uploads\/2022\/10\/kaupa-askrift-breytt-768x576.webp 768w, https:\/\/kalli.is\/wp-content\/uploads\/2022\/10\/kaupa-askrift-breytt-1536x1152.webp 1536w, https:\/\/kalli.is\/wp-content\/uploads\/2022\/10\/kaupa-askrift-breytt-1200x900.webp 1200w, https:\/\/kalli.is\/wp-content\/uploads\/2022\/10\/kaupa-askrift-breytt.webp 1600w\" sizes=\"(max-width: 1024px) 100vw, 1024px\" \/><\/a><\/div><\/div><\/div><div class=\"kt-blocks-post-grid-item-inner\"><header><h2 class=\"entry-title\"><a href=\"https:\/\/kalli.is\/?auglysingar=viltu-flytja-til-spanar\">Viltu flytja til Sp\u00e1nar?<\/a><\/h2><div class=\"kt-blocks-post-top-meta\"><div class=\"kt-blocks-date\"><span class=\"kt-blocks-date-pretext\">Fyrst birt <\/span><time datetime=\"2024-06-28T14:12:27+02:00\" class=\"kt-blocks-post-date\">28. j\u00fan\u00ed, 2024<\/time><\/div><div class=\"kt-blocks-meta-divider kt-blocks-meta-no-divider\"><\/div><\/div><\/header><div class=\"entry-content\">Kalli \u00e1 Sp\u00e1ni birtir \u00fdmislegt sem gagnast \u00cdslendingum \u00e1 Sp\u00e1ni. \u00c1rs\u00e1skriftin er 12 Evrur og hafa \u00e1skrifendur a\u00f0gang a\u00f0 \u00f6llu meginefni vefsins. <\/div><footer class=\"kt-blocks-post-footer\"><div class=\"kt-blocks-post-footer-left\"><\/div><div class=\"kt-blocks-post-footer-right\"><\/div><\/footer><\/div><\/div><\/article><article class=\"kt-blocks-post-grid-item post-7559 auglysingar type-auglysingar status-publish format-standard has-post-thumbnail hentry category-oflokkad\"><div class=\"kt-blocks-post-grid-item-inner-wrap kt-feat-image-align-top kt-feat-image-mobile-align-top\"><div class=\"kadence-post-image\"><div class=\"kadence-post-image-intrisic kt-image-ratio-66-67\" style=\"padding-bottom:66.67%;\"><div class=\"kadence-post-image-inner-intrisic\"><a aria-hidden=\"true\" tabindex=\"-1\" role=\"presentation\" href=\"https:\/\/kalli.is\/?auglysingar=flugvallarskutl-og-fleira\" aria-label=\"Flugvallarskutl og fleira\" class=\"kadence-post-image-inner-wrap\"><img decoding=\"async\"   src=\"https:\/\/kalli.is\/wp-content\/uploads\/2023\/04\/Screenshot-2023-04-12-at-19.42.23-1024x551.png\" class=\"attachment-large size-large wp-post-image\" alt=\"\" srcset=\"https:\/\/kalli.is\/wp-content\/uploads\/2023\/04\/Screenshot-2023-04-12-at-19.42.23-1024x551.png 1024w, https:\/\/kalli.is\/wp-content\/uploads\/2023\/04\/Screenshot-2023-04-12-at-19.42.23-300x161.png 300w, https:\/\/kalli.is\/wp-content\/uploads\/2023\/04\/Screenshot-2023-04-12-at-19.42.23-768x413.png 768w, https:\/\/kalli.is\/wp-content\/uploads\/2023\/04\/Screenshot-2023-04-12-at-19.42.23-1536x827.png 1536w, https:\/\/kalli.is\/wp-content\/uploads\/2023\/04\/Screenshot-2023-04-12-at-19.42.23-1200x646.png 1200w, https:\/\/kalli.is\/wp-content\/uploads\/2023\/04\/Screenshot-2023-04-12-at-19.42.23.png 1936w\" sizes=\"(max-width: 1024px) 100vw, 1024px\" \/><\/a><\/div><\/div><\/div><div class=\"kt-blocks-post-grid-item-inner\"><header><h2 class=\"entry-title\"><a href=\"https:\/\/kalli.is\/?auglysingar=flugvallarskutl-og-fleira\">Flugvallarskutl og fleira<\/a><\/h2><div class=\"kt-blocks-post-top-meta\"><div class=\"kt-blocks-date\"><span class=\"kt-blocks-date-pretext\">Fyrst birt <\/span><time datetime=\"2024-06-28T14:10:00+02:00\" class=\"kt-blocks-post-date\">28. j\u00fan\u00ed, 2024<\/time><\/div><div class=\"kt-blocks-meta-divider kt-blocks-meta-no-divider\"><\/div><\/div><\/header><div class=\"entry-content\">Flugvallarskutl Alicante<\/div><footer class=\"kt-blocks-post-footer\"><div class=\"kt-blocks-post-footer-left\"><\/div><div class=\"kt-blocks-post-footer-right\"><\/div><\/footer><\/div><\/div><\/article><article class=\"kt-blocks-post-grid-item post-9254 auglysingar type-auglysingar status-publish format-standard has-post-thumbnail hentry category-auglysingar\"><div class=\"kt-blocks-post-grid-item-inner-wrap kt-feat-image-align-top kt-feat-image-mobile-align-top\"><div class=\"kadence-post-image\"><div class=\"kadence-post-image-intrisic kt-image-ratio-66-67\" style=\"padding-bottom:66.67%;\"><div class=\"kadence-post-image-inner-intrisic\"><a aria-hidden=\"true\" tabindex=\"-1\" role=\"presentation\" href=\"https:\/\/kalli.is\/?auglysingar=malverkasyning-olafar-melkorku-i-sociedad-cultural-casino-de-torrevieja-25-mai-2024\" aria-label=\"M\u00e1lverkas\u00fdning \u00d3lafar Melkorku \u00ed Sociedad Cultural Casino de Torrevieja 25. ma\u00ed til 7. j\u00fan\u00ed 2024\" class=\"kadence-post-image-inner-wrap\"><img decoding=\"async\"   src=\"https:\/\/kalli.is\/wp-content\/uploads\/2024\/05\/20240506173640856_page-0001-malverkasyning-724x1024.jpg\" class=\"attachment-large size-large wp-post-image\" alt=\"\" srcset=\"https:\/\/kalli.is\/wp-content\/uploads\/2024\/05\/20240506173640856_page-0001-malverkasyning-724x1024.jpg 724w, https:\/\/kalli.is\/wp-content\/uploads\/2024\/05\/20240506173640856_page-0001-malverkasyning-212x300.jpg 212w, https:\/\/kalli.is\/wp-content\/uploads\/2024\/05\/20240506173640856_page-0001-malverkasyning-768x1086.jpg 768w, https:\/\/kalli.is\/wp-content\/uploads\/2024\/05\/20240506173640856_page-0001-malverkasyning-1086x1536.jpg 1086w, https:\/\/kalli.is\/wp-content\/uploads\/2024\/05\/20240506173640856_page-0001-malverkasyning-1200x1697.jpg 1200w, https:\/\/kalli.is\/wp-content\/uploads\/2024\/05\/20240506173640856_page-0001-malverkasyning.jpg 1241w\" sizes=\"(max-width: 724px) 100vw, 724px\" \/><\/a><\/div><\/div><\/div><div class=\"kt-blocks-post-grid-item-inner\"><header><h2 class=\"entry-title\"><a href=\"https:\/\/kalli.is\/?auglysingar=malverkasyning-olafar-melkorku-i-sociedad-cultural-casino-de-torrevieja-25-mai-2024\">M\u00e1lverkas\u00fdning \u00d3lafar Melkorku \u00ed Sociedad Cultural Casino de Torrevieja 25. ma\u00ed til 7. j\u00fan\u00ed 2024<\/a><\/h2><div class=\"kt-blocks-post-top-meta\"><div class=\"kt-blocks-date\"><span class=\"kt-blocks-date-pretext\">Fyrst birt <\/span><time datetime=\"2024-05-07T14:22:18+02:00\" class=\"kt-blocks-post-date\">7. ma\u00ed, 2024<\/time><\/div><div class=\"kt-blocks-meta-divider kt-blocks-meta-no-divider\"><\/div><\/div><\/header><div class=\"entry-content\">Er \u00e1hugam\u00e1lari sem er b\u00fain a\u00f0 b\u00faa \u00ed Torrevieja \u00ed 6 \u00e1r.<\/div><footer class=\"kt-blocks-post-footer\"><div class=\"kt-blocks-post-footer-left\"><\/div><div class=\"kt-blocks-post-footer-right\"><\/div><\/footer><\/div><\/div><\/article><article class=\"kt-blocks-post-grid-item post-8812 auglysingar type-auglysingar status-publish format-standard has-post-thumbnail hentry category-oflokkad\"><div class=\"kt-blocks-post-grid-item-inner-wrap kt-feat-image-align-top kt-feat-image-mobile-align-top\"><div class=\"kadence-post-image\"><div class=\"kadence-post-image-intrisic kt-image-ratio-66-67\" style=\"padding-bottom:66.67%;\"><div class=\"kadence-post-image-inner-intrisic\"><a aria-hidden=\"true\" tabindex=\"-1\" role=\"presentation\" href=\"https:\/\/kalli.is\/?auglysingar=veislur-med-amondu-og-gumma-copy\" aria-label=\"Saltkj\u00f6t og baunir \u2013 K\u00f3tilettukv\u00f6ld\" class=\"kadence-post-image-inner-wrap\"><img decoding=\"async\"   src=\"https:\/\/kalli.is\/wp-content\/uploads\/2023\/12\/336915940_224337770106833_4310655958581244353_n-1024x768.jpg\" class=\"attachment-large size-large wp-post-image\" alt=\"\" srcset=\"https:\/\/kalli.is\/wp-content\/uploads\/2023\/12\/336915940_224337770106833_4310655958581244353_n-1024x768.jpg 1024w, https:\/\/kalli.is\/wp-content\/uploads\/2023\/12\/336915940_224337770106833_4310655958581244353_n-300x225.jpg 300w, https:\/\/kalli.is\/wp-content\/uploads\/2023\/12\/336915940_224337770106833_4310655958581244353_n-768x576.jpg 768w, https:\/\/kalli.is\/wp-content\/uploads\/2023\/12\/336915940_224337770106833_4310655958581244353_n-1536x1152.jpg 1536w, https:\/\/kalli.is\/wp-content\/uploads\/2023\/12\/336915940_224337770106833_4310655958581244353_n-1200x900.jpg 1200w, https:\/\/kalli.is\/wp-content\/uploads\/2023\/12\/336915940_224337770106833_4310655958581244353_n.jpg 2048w\" sizes=\"(max-width: 1024px) 100vw, 1024px\" \/><\/a><\/div><\/div><\/div><div class=\"kt-blocks-post-grid-item-inner\"><header><h2 class=\"entry-title\"><a href=\"https:\/\/kalli.is\/?auglysingar=veislur-med-amondu-og-gumma-copy\">Saltkj\u00f6t og baunir \u2013 K\u00f3tilettukv\u00f6ld<\/a><\/h2><div class=\"kt-blocks-post-top-meta\"><div class=\"kt-blocks-date\"><span class=\"kt-blocks-date-pretext\">Fyrst birt <\/span><time datetime=\"2024-01-31T15:25:32+01:00\" class=\"kt-blocks-post-date\">31. jan\u00faar, 2024<\/time><\/div><div class=\"kt-blocks-meta-divider kt-blocks-meta-no-divider\"><\/div><\/div><\/header><div class=\"entry-content\">Amanda og Gummi ver\u00f0a me\u00f0 saltkj\u00f6t og baunir \u00e1 sprengidag *UPPSELT* og k\u00f3tilettukv\u00f6ld 19. febr\u00faar *UPPSELT*<\/div><footer class=\"kt-blocks-post-footer\"><div class=\"kt-blocks-post-footer-left\"><\/div><div class=\"kt-blocks-post-footer-right\"><\/div><\/footer><\/div><\/div><\/article><article class=\"kt-blocks-post-grid-item post-6233 auglysingar type-auglysingar status-publish format-standard has-post-thumbnail hentry category-auglysingar\"><div class=\"kt-blocks-post-grid-item-inner-wrap kt-feat-image-align-top kt-feat-image-mobile-align-top\"><div class=\"kadence-post-image\"><div class=\"kadence-post-image-intrisic kt-image-ratio-66-67\" style=\"padding-bottom:66.67%;\"><div class=\"kadence-post-image-inner-intrisic\"><a aria-hidden=\"true\" tabindex=\"-1\" role=\"presentation\" href=\"https:\/\/kalli.is\/?auglysingar=fjarlaegjum-hustokufolk\" aria-label=\"Fjarl\u00e6gjum h\u00fast\u00f6kuf\u00f3lk\" class=\"kadence-post-image-inner-wrap\"><img decoding=\"async\"   src=\"https:\/\/kalli.is\/wp-content\/uploads\/2022\/11\/Image-From-desara-1.png\" class=\"attachment-large size-large wp-post-image\" alt=\"\" srcset=\"https:\/\/kalli.is\/wp-content\/uploads\/2022\/11\/Image-From-desara-1.png 961w, https:\/\/kalli.is\/wp-content\/uploads\/2022\/11\/Image-From-desara-1-300x191.png 300w, https:\/\/kalli.is\/wp-content\/uploads\/2022\/11\/Image-From-desara-1-768x490.png 768w\" sizes=\"(max-width: 961px) 100vw, 961px\" \/><\/a><\/div><\/div><\/div><div class=\"kt-blocks-post-grid-item-inner\"><header><h2 class=\"entry-title\"><a href=\"https:\/\/kalli.is\/?auglysingar=fjarlaegjum-hustokufolk\">Fjarl\u00e6gjum h\u00fast\u00f6kuf\u00f3lk<\/a><\/h2><div class=\"kt-blocks-post-top-meta\"><div class=\"kt-blocks-date\"><span class=\"kt-blocks-date-pretext\">Fyrst birt <\/span><time datetime=\"2022-11-01T13:22:49+01:00\" class=\"kt-blocks-post-date\">1. n\u00f3vember, 2022<\/time><\/div><div class=\"kt-blocks-meta-divider kt-blocks-meta-no-divider\"><\/div><\/div><\/header><div class=\"entry-content\">Vi\u00f0 vinnum gegn \u00f3l\u00f6glegri h\u00fast\u00f6ku \u00e1 heimilum, h\u00fasn\u00e6\u00f0i og fleiru.<\/div><footer class=\"kt-blocks-post-footer\"><div class=\"kt-blocks-post-footer-left\"><\/div><div class=\"kt-blocks-post-footer-right\"><\/div><\/footer><\/div><\/div><\/article><\/div><\/div><!-- .wp-block-kadence-postgrid -->\n\n\n<div style=\"height:100px\" aria-hidden=\"true\" class=\"wp-block-spacer\"><\/div>\n","protected":false},"excerpt":{"rendered":"","protected":false},"author":1,"featured_media":0,"parent":0,"menu_order":0,"comment_status":"closed","ping_status":"closed","template":"","meta":{"_acf_changed":false,"_editorskit_title_hidden":false,"_editorskit_reading_time":0,"_editorskit_is_block_options_detached":false,"_editorskit_block_options_position":"{}","_kad_blocks_custom_css":"","_kad_blocks_head_custom_js":"","_kad_blocks_body_custom_js":"","_kad_blocks_footer_custom_js":"","footnotes":""},"class_list":["post-6033","page","type-page","status-publish","hentry"],"acf":[],"taxonomy_info":[],"featured_image_src_large":false,"author_info":{"display_name":"Karl Gu\u00f0mundsson","author_link":"https:\/\/kalli.is\/?author=1"},"comment_info":"","_links":{"self":[{"href":"https:\/\/kalli.is\/index.php?rest_route=\/wp\/v2\/pages\/6033","targetHints":{"allow":["GET"]}}],"collection":[{"href":"https:\/\/kalli.is\/index.php?rest_route=\/wp\/v2\/pages"}],"about":[{"href":"https:\/\/kalli.is\/index.php?rest_route=\/wp\/v2\/types\/page"}],"author":[{"embeddable":true,"href":"https:\/\/kalli.is\/index.php?rest_route=\/wp\/v2\/users\/1"}],"replies":[{"embeddable":true,"href":"https:\/\/kalli.is\/index.php?rest_route=%2Fwp%2Fv2%2Fcomments&post=6033"}],"version-history":[{"count":0,"href":"https:\/\/kalli.is\/index.php?rest_route=\/wp\/v2\/pages\/6033\/revisions"}],"wp:attachment":[{"href":"https:\/\/kalli.is\/index.php?rest_route=%2Fwp%2Fv2%2Fmedia&parent=6033"}],"curies":[{"name":"wp","href":"https:\/\/api.w.org\/{rel}","templated":true}]}}